{"id":9,"date":"2022-07-23T13:23:35","date_gmt":"2022-07-23T11:23:35","guid":{"rendered":"https:\/\/platin-solutions.net\/?page_id=9"},"modified":"2023-07-13T12:58:09","modified_gmt":"2023-07-13T10:58:09","slug":"impressum","status":"publish","type":"page","link":"https:\/\/platin-solutions.net\/en\/impressum\/","title":{"rendered":"Imprint"},"content":{"rendered":"<p><strong>Information according to \u00a7 5 TMG<\/strong><\/p>\n<p>Platin Solutions GmbH<br \/>\nBreslauer Str. 8<br \/>\n30827 Garbsen<\/p>\n<p>Handelsregister: HRB 225177<br \/>\nRegistergericht: Amtsgericht K\u00f6ln<\/p>\n<p><strong>Represented by the Managing Director:<\/strong><br \/>\nSebati \u00c7i\u00e7ek<\/p>\n<p><strong>Contact<br \/>\n<\/strong>Mobil: +49 (0) 173 4690763<br \/>\nE-Mail: info@platin-solutions.net<\/p>\n<p><strong>Umsatzsteuer-ID<br \/>\n<\/strong>Umsatzsteuer-Identifikationsnummer gem\u00e4\u00df \u00a7 27 a Umsatzsteuergesetz:<br \/>\nDENEU<\/p>\n<p><strong>Image copyright<br \/>\n<\/strong>pixabay.com<br \/>\npexels.com<br \/>\nflaticon.com<br \/>\n<a href=\"https:\/\/storyset.com\/user\">User illustrations by Storyset<\/a><br \/>\nFoto von <a href=\"https:\/\/www.pexels.com\/de-de\/foto\/vorhangglasgebaude-1422408\/\" target=\"_blank\" rel=\"noopener\">Croberin Photography<\/a><br \/>\nPhoto by <a href=\"https:\/\/unsplash.com\/@krakenimages?utm_source=unsplash&amp;utm_medium=referral&amp;utm_content=creditCopyText\">krakenimages<\/a> on <a href=\"https:\/\/unsplash.com\/s\/photos\/happy-worker?utm_source=unsplash&amp;utm_medium=referral&amp;utm_content=creditCopyText\">Unsplash<\/a><br \/>\nFoto von <a href=\"https:\/\/www.pexels.com\/de-de\/foto\/foto-des-stiftes-oben-auf-notizbuch-3183170\/\" target=\"_blank\" rel=\"noopener\">fauxels<\/a><\/p>\n<p><strong>EU Dispute Resolution<br \/>\n<\/strong>The European Commission provides a platform for online dispute resolution (OS): <a href=\"https:\/\/ec.europa.eu\/consumers\/odr\/\" target=\"_blank\" rel=\"noopener noreferrer\">https:\/\/ec.europa.eu\/consumers\/odr\/<\/a>.<br \/>\nYou can find our e-mail address in the imprint above.<\/p>\n<p><strong>Consumer dispute resolution\/universal arbitration board<br \/>\n<\/strong>We are not willing or obliged to participate in dispute resolution proceedings before a consumer arbitration board.<\/p>","protected":false},"excerpt":{"rendered":"<p>Angaben gem\u00e4\u00df \u00a7 5 TMG Platin Solutions GmbH Breslauer Str. 8 30827 Garbsen Handelsregister: HRB 225177 Registergericht: Amtsgericht K\u00f6ln Vertreten durch den Gesch\u00e4ftsf\u00fchrer: Sebati \u00c7i\u00e7ek Kontakt Mobil: +49 (0) 173 4690763 E-Mail: info@platin-solutions.net Umsatzsteuer-ID Umsatzsteuer-Identifikationsnummer gem\u00e4\u00df \u00a7 27 a Umsatzsteuergesetz: DENEU Bildrechte pixabay.com pexels.com flaticon.com User illustrations by Storyset Foto von Croberin Photography Photo by &#8230; <a title=\"Imprint\" class=\"read-more\" href=\"https:\/\/platin-solutions.net\/en\/impressum\/\" aria-label=\"More on Impressum\">Read more<\/a><\/p>","protected":false},"author":1,"featured_media":0,"parent":0,"menu_order":0,"comment_status":"closed","ping_status":"closed","template":"","meta":{"footnotes":""},"class_list":["post-9","page","type-page","status-publish"],"_links":{"self":[{"href":"https:\/\/platin-solutions.net\/en\/wp-json\/wp\/v2\/pages\/9","targetHints":{"allow":["GET"]}}],"collection":[{"href":"https:\/\/platin-solutions.net\/en\/wp-json\/wp\/v2\/pages"}],"about":[{"href":"https:\/\/platin-solutions.net\/en\/wp-json\/wp\/v2\/types\/page"}],"author":[{"embeddable":true,"href":"https:\/\/platin-solutions.net\/en\/wp-json\/wp\/v2\/users\/1"}],"replies":[{"embeddable":true,"href":"https:\/\/platin-solutions.net\/en\/wp-json\/wp\/v2\/comments?post=9"}],"version-history":[{"count":3,"href":"https:\/\/platin-solutions.net\/en\/wp-json\/wp\/v2\/pages\/9\/revisions"}],"predecessor-version":[{"id":1052,"href":"https:\/\/platin-solutions.net\/en\/wp-json\/wp\/v2\/pages\/9\/revisions\/1052"}],"wp:attachment":[{"href":"https:\/\/platin-solutions.net\/en\/wp-json\/wp\/v2\/media?parent=9"}],"curies":[{"name":"wp","href":"https:\/\/api.w.org\/{rel}","templated":true}]}}